{"id":223,"date":"2022-10-23T09:59:01","date_gmt":"2022-10-23T09:59:01","guid":{"rendered":"http:\/\/www.eko-heat.pl\/?page_id=223"},"modified":"2022-10-23T10:39:23","modified_gmt":"2022-10-23T10:39:23","slug":"o-nas","status":"publish","type":"page","link":"http:\/\/www.eko-heat.pl\/?page_id=223","title":{"rendered":"O nas"},"content":{"rendered":"\t\t<div data-elementor-type=\"wp-page\" data-elementor-id=\"223\" class=\"elementor elementor-223\">\n\t\t\t\t\t\t<section class=\"elementor-section elementor-top-section elementor-element elementor-element-61db309 elementor-section-boxed elementor-section-height-default elementor-section-height-default\" data-id=\"61db309\" data-element_type=\"section\" data-e-type=\"section\">\n\t\t\t\t\t\t<div class=\"elementor-container elementor-column-gap-default\">\n\t\t\t\t\t<div class=\"elementor-column elementor-col-100 elementor-top-column elementor-element elementor-element-9a8bdd6\" data-id=\"9a8bdd6\" data-element_type=\"column\" data-e-type=\"column\">\n\t\t\t<div class=\"elementor-widget-wrap elementor-element-populated\">\n\t\t\t\t\t\t<div class=\"elementor-element elementor-element-9097d8f elementor-widget elementor-widget-image\" data-id=\"9097d8f\" data-element_type=\"widget\" data-e-type=\"widget\" data-widget_type=\"image.default\">\n\t\t\t\t<div class=\"elementor-widget-container\">\n\t\t\t\t\t\t\t\t\t\t\t\t\t\t\t<img fetchpriority=\"high\" decoding=\"async\" width=\"750\" height=\"423\" src=\"http:\/\/www.eko-heat.pl\/wp-content\/uploads\/2022\/10\/OGRZEWANIE-PRZYSZLOSCI1-1024x577.png\" class=\"attachment-large size-large wp-image-225\" alt=\"\" srcset=\"http:\/\/www.eko-heat.pl\/wp-content\/uploads\/2022\/10\/OGRZEWANIE-PRZYSZLOSCI1-1024x577.png 1024w, http:\/\/www.eko-heat.pl\/wp-content\/uploads\/2022\/10\/OGRZEWANIE-PRZYSZLOSCI1-300x169.png 300w, http:\/\/www.eko-heat.pl\/wp-content\/uploads\/2022\/10\/OGRZEWANIE-PRZYSZLOSCI1-768x433.png 768w, http:\/\/www.eko-heat.pl\/wp-content\/uploads\/2022\/10\/OGRZEWANIE-PRZYSZLOSCI1-1536x865.png 1536w, http:\/\/www.eko-heat.pl\/wp-content\/uploads\/2022\/10\/OGRZEWANIE-PRZYSZLOSCI1.png 1640w\" sizes=\"(max-width: 750px) 100vw, 750px\" \/>\t\t\t\t\t\t\t\t\t\t\t\t\t\t\t<\/div>\n\t\t\t\t<\/div>\n\t\t\t\t\t<\/div>\n\t\t<\/div>\n\t\t\t\t\t<\/div>\n\t\t<\/section>\n\t\t\t\t<section class=\"elementor-section elementor-top-section elementor-element elementor-element-c9da2e6 elementor-section-boxed elementor-section-height-default elementor-section-height-default\" data-id=\"c9da2e6\" data-element_type=\"section\" data-e-type=\"section\">\n\t\t\t\t\t\t<div class=\"elementor-container elementor-column-gap-default\">\n\t\t\t\t\t<div class=\"elementor-column elementor-col-50 elementor-top-column elementor-element elementor-element-e3ab3fa\" data-id=\"e3ab3fa\" data-element_type=\"column\" data-e-type=\"column\">\n\t\t\t<div class=\"elementor-widget-wrap elementor-element-populated\">\n\t\t\t\t\t\t<div class=\"elementor-element elementor-element-0a03ccb elementor-widget elementor-widget-text-editor\" data-id=\"0a03ccb\" data-element_type=\"widget\" data-e-type=\"widget\" data-widget_type=\"text-editor.default\">\n\t\t\t\t<div class=\"elementor-widget-container\">\n\t\t\t\t\t\t\t\t\t<h6>EKO Heat to zesp\u00f3\u0142 do\u015bwiadczonych specjalist\u00f3w zajmuj\u0105cy si\u0119 kompleksow\u0105 obs\u0142ug\u0105 monta\u017cu pomp ciep\u0142a klimatyzacji oraz fotowoltaiki. Gwarantujemy najnowocze\u015bniejsze technologie oraz perfekcyjne dopasowanie systemu do Twoich potrzeb oraz szybkiego terminu realizacji.<\/h6><p>Coraz popularniejsze powietrzne pompy ciep\u0142a s\u0105 niezwykle atrakcyjne dla os\u00f3b, kt\u00f3rym zale\u017cy na zmianie sposobu ogrzewania domu, bez konieczno\u015bci ponoszenia znacznych koszt\u00f3w inwestycyjnych zwi\u0105zanych z wykonywaniem dodatkowych odwiert\u00f3w. Monta\u017c takich urz\u0105dze\u0144 odbywa si\u0119 stosunkowo szybko, gdy\u017c nie ma potrzeby wykorzystywania sprz\u0119tu do prac ziemnych.Warto zwr\u00f3ci\u0107 uwag\u0119 na ekologi\u0119 tego rozwi\u0105zania \u2014 \u017cadnych spalin, wykorzystanie zasob\u00f3w naturalnych \u2014 wymarzony spos\u00f3b na ogrzewanie pomieszcze\u0144. Dodatkowo wcze\u015bniej wspomniana bezobs\u0142ugowo\u015b\u0107 jest ich ogromn\u0105 zalet\u0105. St\u0105d te\u017c mi\u0119dzy innymi ich popularno\u015b\u0107.<\/p>\t\t\t\t\t\t\t\t<\/div>\n\t\t\t\t<\/div>\n\t\t\t\t\t<\/div>\n\t\t<\/div>\n\t\t\t\t<div class=\"elementor-column elementor-col-50 elementor-top-column elementor-element elementor-element-6e51487\" data-id=\"6e51487\" data-element_type=\"column\" data-e-type=\"column\">\n\t\t\t<div class=\"elementor-widget-wrap elementor-element-populated\">\n\t\t\t\t\t\t<div class=\"elementor-element elementor-element-dfabb10 elementor-widget elementor-widget-image\" data-id=\"dfabb10\" data-element_type=\"widget\" data-e-type=\"widget\" data-widget_type=\"image.default\">\n\t\t\t\t<div class=\"elementor-widget-container\">\n\t\t\t\t\t\t\t\t\t\t\t\t\t\t\t<img decoding=\"async\" width=\"360\" height=\"180\" src=\"http:\/\/www.eko-heat.pl\/wp-content\/uploads\/2022\/10\/Projekt-bez-tytulu37.png\" class=\"attachment-hestia-blog size-hestia-blog wp-image-51\" alt=\"\" srcset=\"http:\/\/www.eko-heat.pl\/wp-content\/uploads\/2022\/10\/Projekt-bez-tytulu37.png 500w, http:\/\/www.eko-heat.pl\/wp-content\/uploads\/2022\/10\/Projekt-bez-tytulu37-300x150.png 300w\" sizes=\"(max-width: 360px) 100vw, 360px\" \/>\t\t\t\t\t\t\t\t\t\t\t\t\t\t\t<\/div>\n\t\t\t\t<\/div>\n\t\t\t\t\t<\/div>\n\t\t<\/div>\n\t\t\t\t\t<\/div>\n\t\t<\/section>\n\t\t\t\t<section class=\"elementor-section elementor-top-section elementor-element elementor-element-d00eb43 elementor-section-boxed elementor-section-height-default elementor-section-height-default\" data-id=\"d00eb43\" data-element_type=\"section\" data-e-type=\"section\">\n\t\t\t\t\t\t<div class=\"elementor-container elementor-column-gap-default\">\n\t\t\t\t\t<div class=\"elementor-column elementor-col-100 elementor-top-column elementor-element elementor-element-f2a693b\" data-id=\"f2a693b\" data-element_type=\"column\" data-e-type=\"column\">\n\t\t\t<div class=\"elementor-widget-wrap elementor-element-populated\">\n\t\t\t\t\t\t<div class=\"elementor-element elementor-element-3592d53 elementor-align-center elementor-widget elementor-widget-button\" data-id=\"3592d53\" data-element_type=\"widget\" data-e-type=\"widget\" data-widget_type=\"button.default\">\n\t\t\t\t<div class=\"elementor-widget-container\">\n\t\t\t\t\t\t\t\t\t<div class=\"elementor-button-wrapper\">\n\t\t\t\t\t<a class=\"elementor-button elementor-button-link elementor-size-xl\" href=\"http:\/\/www.eko-heat.pl\/?page_id=29\">\n\t\t\t\t\t\t<span class=\"elementor-button-content-wrapper\">\n\t\t\t\t\t\t\t\t\t<span class=\"elementor-button-text\">Skontaktuj si\u0119 z nami<\/span>\n\t\t\t\t\t<\/span>\n\t\t\t\t\t<\/a>\n\t\t\t\t<\/div>\n\t\t\t\t\t\t\t\t<\/div>\n\t\t\t\t<\/div>\n\t\t\t\t\t<\/div>\n\t\t<\/div>\n\t\t\t\t\t<\/div>\n\t\t<\/section>\n\t\t\t\t<\/div>\n\t\t","protected":false},"excerpt":{"rendered":"<p>EKO Heat to zesp\u00f3\u0142 do\u015bwiadczonych specjalist\u00f3w zajmuj\u0105cy si\u0119 kompleksow\u0105 obs\u0142ug\u0105 monta\u017cu pomp ciep\u0142a klimatyzacji oraz fotowoltaiki. Gwarantujemy najnowocze\u015bniejsze technologie oraz perfekcyjne dopasowanie systemu do Twoich potrzeb oraz szybkiego terminu realizacji. Coraz popularniejsze powietrzne pompy ciep\u0142a s\u0105 niezwykle atrakcyjne dla os\u00f3b, kt\u00f3rym zale\u017cy na zmianie sposobu ogrzewania domu, bez konieczno\u015bci ponoszenia [&hellip;]<\/p>\n","protected":false},"author":1,"featured_media":0,"parent":0,"menu_order":0,"comment_status":"closed","ping_status":"closed","template":"page-templates\/template-pagebuilder-full-width.php","meta":{"footnotes":""},"class_list":["post-223","page","type-page","status-publish","hentry"],"_links":{"self":[{"href":"http:\/\/www.eko-heat.pl\/index.php?rest_route=\/wp\/v2\/pages\/223","targetHints":{"allow":["GET"]}}],"collection":[{"href":"http:\/\/www.eko-heat.pl\/index.php?rest_route=\/wp\/v2\/pages"}],"about":[{"href":"http:\/\/www.eko-heat.pl\/index.php?rest_route=\/wp\/v2\/types\/page"}],"author":[{"embeddable":true,"href":"http:\/\/www.eko-heat.pl\/index.php?rest_route=\/wp\/v2\/users\/1"}],"replies":[{"embeddable":true,"href":"http:\/\/www.eko-heat.pl\/index.php?rest_route=%2Fwp%2Fv2%2Fcomments&post=223"}],"version-history":[{"count":14,"href":"http:\/\/www.eko-heat.pl\/index.php?rest_route=\/wp\/v2\/pages\/223\/revisions"}],"predecessor-version":[{"id":278,"href":"http:\/\/www.eko-heat.pl\/index.php?rest_route=\/wp\/v2\/pages\/223\/revisions\/278"}],"wp:attachment":[{"href":"http:\/\/www.eko-heat.pl\/index.php?rest_route=%2Fwp%2Fv2%2Fmedia&parent=223"}],"curies":[{"name":"wp","href":"https:\/\/api.w.org\/{rel}","templated":true}]}}