{"id":194,"date":"2022-10-16T18:49:48","date_gmt":"2022-10-16T18:49:48","guid":{"rendered":"http:\/\/www.eko-heat.pl\/?page_id=194"},"modified":"2024-06-05T15:46:41","modified_gmt":"2024-06-05T15:46:41","slug":"elementor-194","status":"publish","type":"page","link":"http:\/\/www.eko-heat.pl\/?page_id=194","title":{"rendered":"Og\u00f3lne warunki wsp\u00f3\u0142pracy"},"content":{"rendered":"\t\t<div data-elementor-type=\"wp-page\" data-elementor-id=\"194\" class=\"elementor elementor-194\">\n\t\t\t\t\t\t<section class=\"elementor-section elementor-top-section elementor-element elementor-element-4ae2b4b elementor-section-boxed elementor-section-height-default elementor-section-height-default\" data-id=\"4ae2b4b\" data-element_type=\"section\" data-e-type=\"section\">\n\t\t\t\t\t\t<div class=\"elementor-container elementor-column-gap-default\">\n\t\t\t\t\t<div class=\"elementor-column elementor-col-100 elementor-top-column elementor-element elementor-element-b1a5169\" data-id=\"b1a5169\" data-element_type=\"column\" data-e-type=\"column\">\n\t\t\t<div class=\"elementor-widget-wrap\">\n\t\t\t\t\t\t\t<\/div>\n\t\t<\/div>\n\t\t\t\t\t<\/div>\n\t\t<\/section>\n\t\t\t\t<section class=\"elementor-section elementor-top-section elementor-element elementor-element-f2f88be elementor-section-boxed elementor-section-height-default elementor-section-height-default\" data-id=\"f2f88be\" data-element_type=\"section\" data-e-type=\"section\">\n\t\t\t\t\t\t<div class=\"elementor-container elementor-column-gap-default\">\n\t\t\t\t\t<div class=\"elementor-column elementor-col-100 elementor-top-column elementor-element elementor-element-c8202a8\" data-id=\"c8202a8\" data-element_type=\"column\" data-e-type=\"column\">\n\t\t\t<div class=\"elementor-widget-wrap elementor-element-populated\">\n\t\t\t\t\t\t<div class=\"elementor-element elementor-element-14dec7c elementor-widget elementor-widget-heading\" data-id=\"14dec7c\" data-element_type=\"widget\" data-e-type=\"widget\" data-widget_type=\"heading.default\">\n\t\t\t\t<div class=\"elementor-widget-container\">\n\t\t\t\t\t<h2 class=\"elementor-heading-title elementor-size-default\">Og\u00f3lne warunki wsp\u00f3\u0142pracy<\/h2>\t\t\t\t<\/div>\n\t\t\t\t<\/div>\n\t\t\t\t<div class=\"elementor-element elementor-element-032a4de elementor-widget elementor-widget-heading\" data-id=\"032a4de\" data-element_type=\"widget\" data-e-type=\"widget\" data-widget_type=\"heading.default\">\n\t\t\t\t<div class=\"elementor-widget-container\">\n\t\t\t\t\t<h2 class=\"elementor-heading-title elementor-size-default\">Dodaj tu sw\u00f3j tekst nag\u0142\u00f3wka<\/h2>\t\t\t\t<\/div>\n\t\t\t\t<\/div>\n\t\t\t\t<div class=\"elementor-element elementor-element-b9a6352 elementor-widget elementor-widget-image\" data-id=\"b9a6352\" data-element_type=\"widget\" data-e-type=\"widget\" data-widget_type=\"image.default\">\n\t\t\t\t<div class=\"elementor-widget-container\">\n\t\t\t\t\t\t\t\t\t\t\t\t\t\t\t<img decoding=\"async\" src=\"http:\/\/www.eko-heat.pl\/wp-content\/plugins\/elementor\/assets\/images\/placeholder.png\" title=\"\" alt=\"\" loading=\"lazy\" \/>\t\t\t\t\t\t\t\t\t\t\t\t\t\t\t<\/div>\n\t\t\t\t<\/div>\n\t\t\t\t<div class=\"elementor-element elementor-element-49d1344 elementor-widget elementor-widget-text-editor\" data-id=\"49d1344\" data-element_type=\"widget\" data-e-type=\"widget\" data-widget_type=\"text-editor.default\">\n\t\t\t\t<div class=\"elementor-widget-container\">\n\t\t\t\t\t\t\t\t\t<p>Lorem ipsum dolor sit amet, consectetur adipiscing elit. Ut elit tellus, luctus nec ullamcorper mattis, pulvinar dapibus leo.<\/p>\t\t\t\t\t\t\t\t<\/div>\n\t\t\t\t<\/div>\n\t\t\t\t\t<\/div>\n\t\t<\/div>\n\t\t\t\t\t<\/div>\n\t\t<\/section>\n\t\t\t\t<section class=\"elementor-section elementor-top-section elementor-element elementor-element-944f622 elementor-section-boxed elementor-section-height-default elementor-section-height-default\" data-id=\"944f622\" data-element_type=\"section\" data-e-type=\"section\">\n\t\t\t\t\t\t<div class=\"elementor-container elementor-column-gap-default\">\n\t\t\t\t\t<div class=\"elementor-column elementor-col-100 elementor-top-column elementor-element elementor-element-9a49c9e\" data-id=\"9a49c9e\" data-element_type=\"column\" data-e-type=\"column\">\n\t\t\t<div class=\"elementor-widget-wrap elementor-element-populated\">\n\t\t\t\t\t\t<div class=\"elementor-element elementor-element-7f8d5dd elementor-widget elementor-widget-text-editor\" data-id=\"7f8d5dd\" data-element_type=\"widget\" data-e-type=\"widget\" data-widget_type=\"text-editor.default\">\n\t\t\t\t<div class=\"elementor-widget-container\">\n\t\t\t\t\t\t\t\t\t<p><a href=\"http:\/\/www.eko-heat.pl\/wp-content\/uploads\/2022\/10\/OWU.pdf\">Czytaj wi\u0119cej<\/a><\/p>\t\t\t\t\t\t\t\t<\/div>\n\t\t\t\t<\/div>\n\t\t\t\t\t<\/div>\n\t\t<\/div>\n\t\t\t\t\t<\/div>\n\t\t<\/section>\n\t\t\t\t<section class=\"elementor-section elementor-top-section elementor-element elementor-element-52eb50c elementor-section-boxed elementor-section-height-default elementor-section-height-default\" data-id=\"52eb50c\" data-element_type=\"section\" data-e-type=\"section\">\n\t\t\t\t\t\t<div class=\"elementor-container elementor-column-gap-default\">\n\t\t\t\t\t<div class=\"elementor-column elementor-col-25 elementor-top-column elementor-element elementor-element-fb783a1\" data-id=\"fb783a1\" data-element_type=\"column\" data-e-type=\"column\">\n\t\t\t<div class=\"elementor-widget-wrap elementor-element-populated\">\n\t\t\t\t\t\t<div class=\"elementor-element elementor-element-77e05bb elementor-widget elementor-widget-image\" data-id=\"77e05bb\" data-element_type=\"widget\" data-e-type=\"widget\" data-widget_type=\"image.default\">\n\t\t\t\t<div class=\"elementor-widget-container\">\n\t\t\t\t\t\t\t\t\t\t\t\t\t\t\t<img fetchpriority=\"high\" decoding=\"async\" width=\"724\" height=\"1024\" src=\"http:\/\/www.eko-heat.pl\/wp-content\/uploads\/2024\/06\/owu-obrazy-0-4-724x1024.jpg\" class=\"attachment-large size-large wp-image-391\" alt=\"\" srcset=\"http:\/\/www.eko-heat.pl\/wp-content\/uploads\/2024\/06\/owu-obrazy-0-4-724x1024.jpg 724w, http:\/\/www.eko-heat.pl\/wp-content\/uploads\/2024\/06\/owu-obrazy-0-4-212x300.jpg 212w, http:\/\/www.eko-heat.pl\/wp-content\/uploads\/2024\/06\/owu-obrazy-0-4-768x1086.jpg 768w, http:\/\/www.eko-heat.pl\/wp-content\/uploads\/2024\/06\/owu-obrazy-0-4-1086x1536.jpg 1086w, http:\/\/www.eko-heat.pl\/wp-content\/uploads\/2024\/06\/owu-obrazy-0-4-1448x2048.jpg 1448w, http:\/\/www.eko-heat.pl\/wp-content\/uploads\/2024\/06\/owu-obrazy-0-4-scaled.jpg 1810w\" sizes=\"(max-width: 724px) 100vw, 724px\" \/>\t\t\t\t\t\t\t\t\t\t\t\t\t\t\t<\/div>\n\t\t\t\t<\/div>\n\t\t\t\t\t<\/div>\n\t\t<\/div>\n\t\t\t\t<div class=\"elementor-column elementor-col-25 elementor-top-column elementor-element elementor-element-9802cb5\" data-id=\"9802cb5\" data-element_type=\"column\" data-e-type=\"column\">\n\t\t\t<div class=\"elementor-widget-wrap elementor-element-populated\">\n\t\t\t\t\t\t<div class=\"elementor-element elementor-element-09eac28 elementor-widget elementor-widget-image\" data-id=\"09eac28\" data-element_type=\"widget\" data-e-type=\"widget\" data-widget_type=\"image.default\">\n\t\t\t\t<div class=\"elementor-widget-container\">\n\t\t\t\t\t\t\t\t\t\t\t\t\t\t\t<img decoding=\"async\" width=\"724\" height=\"1024\" src=\"http:\/\/www.eko-heat.pl\/wp-content\/uploads\/2024\/06\/owu-obrazy-1-4-724x1024.jpg\" class=\"attachment-large size-large wp-image-392\" alt=\"\" srcset=\"http:\/\/www.eko-heat.pl\/wp-content\/uploads\/2024\/06\/owu-obrazy-1-4-724x1024.jpg 724w, http:\/\/www.eko-heat.pl\/wp-content\/uploads\/2024\/06\/owu-obrazy-1-4-212x300.jpg 212w, http:\/\/www.eko-heat.pl\/wp-content\/uploads\/2024\/06\/owu-obrazy-1-4-768x1086.jpg 768w, http:\/\/www.eko-heat.pl\/wp-content\/uploads\/2024\/06\/owu-obrazy-1-4-1086x1536.jpg 1086w, http:\/\/www.eko-heat.pl\/wp-content\/uploads\/2024\/06\/owu-obrazy-1-4-1448x2048.jpg 1448w, http:\/\/www.eko-heat.pl\/wp-content\/uploads\/2024\/06\/owu-obrazy-1-4-scaled.jpg 1810w\" sizes=\"(max-width: 724px) 100vw, 724px\" \/>\t\t\t\t\t\t\t\t\t\t\t\t\t\t\t<\/div>\n\t\t\t\t<\/div>\n\t\t\t\t\t<\/div>\n\t\t<\/div>\n\t\t\t\t<div class=\"elementor-column elementor-col-25 elementor-top-column elementor-element elementor-element-d422537\" data-id=\"d422537\" data-element_type=\"column\" data-e-type=\"column\">\n\t\t\t<div class=\"elementor-widget-wrap elementor-element-populated\">\n\t\t\t\t\t\t<div class=\"elementor-element elementor-element-d309c5a elementor-widget elementor-widget-image\" data-id=\"d309c5a\" data-element_type=\"widget\" data-e-type=\"widget\" data-widget_type=\"image.default\">\n\t\t\t\t<div class=\"elementor-widget-container\">\n\t\t\t\t\t\t\t\t\t\t\t\t\t\t\t<img decoding=\"async\" width=\"724\" height=\"1024\" src=\"http:\/\/www.eko-heat.pl\/wp-content\/uploads\/2024\/06\/owu-obrazy-2-4-724x1024.jpg\" class=\"attachment-large size-large wp-image-393\" alt=\"\" srcset=\"http:\/\/www.eko-heat.pl\/wp-content\/uploads\/2024\/06\/owu-obrazy-2-4-724x1024.jpg 724w, http:\/\/www.eko-heat.pl\/wp-content\/uploads\/2024\/06\/owu-obrazy-2-4-212x300.jpg 212w, http:\/\/www.eko-heat.pl\/wp-content\/uploads\/2024\/06\/owu-obrazy-2-4-768x1086.jpg 768w, http:\/\/www.eko-heat.pl\/wp-content\/uploads\/2024\/06\/owu-obrazy-2-4-1086x1536.jpg 1086w, http:\/\/www.eko-heat.pl\/wp-content\/uploads\/2024\/06\/owu-obrazy-2-4-1448x2048.jpg 1448w, http:\/\/www.eko-heat.pl\/wp-content\/uploads\/2024\/06\/owu-obrazy-2-4-scaled.jpg 1810w\" sizes=\"(max-width: 724px) 100vw, 724px\" \/>\t\t\t\t\t\t\t\t\t\t\t\t\t\t\t<\/div>\n\t\t\t\t<\/div>\n\t\t\t\t\t<\/div>\n\t\t<\/div>\n\t\t\t\t<div class=\"elementor-column elementor-col-25 elementor-top-column elementor-element elementor-element-4516cac\" data-id=\"4516cac\" data-element_type=\"column\" data-e-type=\"column\">\n\t\t\t<div class=\"elementor-widget-wrap elementor-element-populated\">\n\t\t\t\t\t\t<div class=\"elementor-element elementor-element-0d1dc63 elementor-widget elementor-widget-image\" data-id=\"0d1dc63\" data-element_type=\"widget\" data-e-type=\"widget\" data-widget_type=\"image.default\">\n\t\t\t\t<div class=\"elementor-widget-container\">\n\t\t\t\t\t\t\t\t\t\t\t\t\t\t\t<img loading=\"lazy\" decoding=\"async\" width=\"724\" height=\"1024\" src=\"http:\/\/www.eko-heat.pl\/wp-content\/uploads\/2024\/06\/owu-obrazy-3-4-724x1024.jpg\" class=\"attachment-large size-large wp-image-394\" alt=\"\" srcset=\"http:\/\/www.eko-heat.pl\/wp-content\/uploads\/2024\/06\/owu-obrazy-3-4-724x1024.jpg 724w, http:\/\/www.eko-heat.pl\/wp-content\/uploads\/2024\/06\/owu-obrazy-3-4-212x300.jpg 212w, http:\/\/www.eko-heat.pl\/wp-content\/uploads\/2024\/06\/owu-obrazy-3-4-768x1086.jpg 768w, http:\/\/www.eko-heat.pl\/wp-content\/uploads\/2024\/06\/owu-obrazy-3-4-1086x1536.jpg 1086w, http:\/\/www.eko-heat.pl\/wp-content\/uploads\/2024\/06\/owu-obrazy-3-4-1448x2048.jpg 1448w, http:\/\/www.eko-heat.pl\/wp-content\/uploads\/2024\/06\/owu-obrazy-3-4-scaled.jpg 1810w\" sizes=\"(max-width: 724px) 100vw, 724px\" \/>\t\t\t\t\t\t\t\t\t\t\t\t\t\t\t<\/div>\n\t\t\t\t<\/div>\n\t\t\t\t\t<\/div>\n\t\t<\/div>\n\t\t\t\t\t<\/div>\n\t\t<\/section>\n\t\t\t\t<\/div>\n\t\t","protected":false},"excerpt":{"rendered":"<p>Og\u00f3lne warunki wsp\u00f3\u0142pracy Dodaj tu sw\u00f3j tekst nag\u0142\u00f3wka Lorem ipsum dolor sit amet, consectetur adipiscing elit. Ut elit tellus, luctus nec ullamcorper mattis, pulvinar dapibus leo. Czytaj wi\u0119cej<\/p>\n","protected":false},"author":1,"featured_media":0,"parent":0,"menu_order":0,"comment_status":"closed","ping_status":"closed","template":"page-templates\/template-pagebuilder-full-width.php","meta":{"footnotes":""},"class_list":["post-194","page","type-page","status-publish","hentry"],"_links":{"self":[{"href":"http:\/\/www.eko-heat.pl\/index.php?rest_route=\/wp\/v2\/pages\/194","targetHints":{"allow":["GET"]}}],"collection":[{"href":"http:\/\/www.eko-heat.pl\/index.php?rest_route=\/wp\/v2\/pages"}],"about":[{"href":"http:\/\/www.eko-heat.pl\/index.php?rest_route=\/wp\/v2\/types\/page"}],"author":[{"embeddable":true,"href":"http:\/\/www.eko-heat.pl\/index.php?rest_route=\/wp\/v2\/users\/1"}],"replies":[{"embeddable":true,"href":"http:\/\/www.eko-heat.pl\/index.php?rest_route=%2Fwp%2Fv2%2Fcomments&post=194"}],"version-history":[{"count":54,"href":"http:\/\/www.eko-heat.pl\/index.php?rest_route=\/wp\/v2\/pages\/194\/revisions"}],"predecessor-version":[{"id":397,"href":"http:\/\/www.eko-heat.pl\/index.php?rest_route=\/wp\/v2\/pages\/194\/revisions\/397"}],"wp:attachment":[{"href":"http:\/\/www.eko-heat.pl\/index.php?rest_route=%2Fwp%2Fv2%2Fmedia&parent=194"}],"curies":[{"name":"wp","href":"https:\/\/api.w.org\/{rel}","templated":true}]}}